{"id":49,"date":"2018-07-13T16:35:50","date_gmt":"2018-07-13T14:35:50","guid":{"rendered":"https:\/\/www.digitalreport.at\/?page_id=49"},"modified":"2018-07-13T16:35:50","modified_gmt":"2018-07-13T14:35:50","slug":"ueber-das-projekt","status":"publish","type":"page","link":"https:\/\/www.digitalreport.at\/report-facebook\/ueber-das-projekt\/","title":{"rendered":"\u00dcber das Projekt"},"content":{"rendered":"<p><strong>Zur Idee:<\/strong><br><\/br>\nDer Digitalreport ist ein Projekt, das das Wissen \u00fcber digitale Themen f\u00f6rdern soll. Gestartet hat es Ingrid Brodnig als Digital Champion \u00d6sterreichs, eine unabh\u00e4ngige Funktion zur F\u00f6rderung des Bewusstseins \u00fcber die Digitalisierung. Der Digitalreport liefert eine Datenanalyse, Fachbeitr\u00e4ge und Unterrichtsmaterialien f\u00fcr Lehrerinnen und Lehrer.\u00a0Sie k\u00f6nnen\u00a0den <a href=\"https:\/\/www.digitalreport.at\/wp-content\/uploads\/2018\/07\/Digitalreport_1.pdf\" target=\"_blank\" rel=\"noopener\">Digitalreport auch als PDF<\/a> herunterladen.<\/p>\n<p><strong>Zum Team:<\/strong><br><\/br>\nM\u00f6glich ist ein so umfassender Bericht nur mit einem heterogenen Team, das journalistische, technische und grafische Kenntnisse vereint. Hier ein \u00dcberblick \u00fcber die Mitwirkenden.<\/p>\n<div id=\"attachment_123\" class=\"wp-caption aligncenter ratio-wrap-center\" style=\"width:100px;\"><a href=\"https:\/\/www.digitalreport.at\/wp-content\/uploads\/2018\/07\/brodnig.png\"><div style=\"width: 100px;\" data-width=\"100\" class=\"ratio-wrap\"><div class=\"ratio-box\" style=\"padding-bottom: 100% !important;\"><img loading=\"lazy\" decoding=\"async\" class=\"wp-image-123 lazyload\" alt=\"\" width=\"100\" height=\"100\" data-src=\"https:\/\/www.digitalreport.at\/wp-content\/uploads\/2018\/07\/brodnig.png\" data-srcset=\"https:\/\/www.digitalreport.at\/report-facebook\/wp-content\/uploads\/sites\/4\/2018\/07\/brodnig.png 248w, https:\/\/www.digitalreport.at\/report-facebook\/wp-content\/uploads\/sites\/4\/2018\/07\/brodnig-150x150.png 150w, https:\/\/www.digitalreport.at\/report-facebook\/wp-content\/uploads\/sites\/4\/2018\/07\/brodnig-151x150.png 151w\" data-sizes=\"(max-width: 100px) 100vw, 100px\"><\/img><\/div><\/div><\/a><p class=\"wp-caption-text\"><a href=\"https:\/\/www.brodnig.org\/\" target=\"_blank\" rel=\"noopener\">Ingrid Brodnig<\/a>, Projektleitung<\/p><\/div>\n<div id=\"attachment_122\" class=\"wp-caption aligncenter ratio-wrap-center\" style=\"width:100px;\"><a href=\"https:\/\/www.digitalreport.at\/wp-content\/uploads\/2018\/07\/hammer.png\"><div style=\"width: 100px;\" data-width=\"100\" class=\"ratio-wrap\"><div class=\"ratio-box\" style=\"padding-bottom: 100% !important;\"><img loading=\"lazy\" decoding=\"async\" class=\"wp-image-122 lazyload\" alt=\"\" width=\"100\" height=\"100\" data-src=\"https:\/\/www.digitalreport.at\/wp-content\/uploads\/2018\/07\/hammer.png\" data-srcset=\"https:\/\/www.digitalreport.at\/report-facebook\/wp-content\/uploads\/sites\/4\/2018\/07\/hammer.png 248w, https:\/\/www.digitalreport.at\/report-facebook\/wp-content\/uploads\/sites\/4\/2018\/07\/hammer-150x150.png 150w, https:\/\/www.digitalreport.at\/report-facebook\/wp-content\/uploads\/sites\/4\/2018\/07\/hammer-151x150.png 151w\" data-sizes=\"(max-width: 100px) 100vw, 100px\"><\/img><\/div><\/div><\/a><p class=\"wp-caption-text\"><a href=\"https:\/\/lucahammer.com\/\" target=\"_blank\" rel=\"noopener\">Luca Hammer<\/a>, Datenanalyse<\/p><\/div>\n<div id=\"attachment_127\" class=\"wp-caption aligncenter ratio-wrap-center\" style=\"width:100px;\"><a href=\"https:\/\/www.digitalreport.at\/wp-content\/uploads\/2018\/07\/hazod.png\"><div style=\"width: 100px;\" data-width=\"100\" class=\"ratio-wrap\"><div class=\"ratio-box\" style=\"padding-bottom: 100% !important;\"><img loading=\"lazy\" decoding=\"async\" class=\"wp-image-127 lazyload\" alt=\"\" width=\"100\" height=\"100\" data-src=\"https:\/\/www.digitalreport.at\/wp-content\/uploads\/2018\/07\/hazod.png\" data-srcset=\"https:\/\/www.digitalreport.at\/report-facebook\/wp-content\/uploads\/sites\/4\/2018\/07\/hazod.png 247w, https:\/\/www.digitalreport.at\/report-facebook\/wp-content\/uploads\/sites\/4\/2018\/07\/hazod-150x150.png 150w\" data-sizes=\"(max-width: 100px) 100vw, 100px\"><\/img><\/div><\/div><\/a><p class=\"wp-caption-text\"><a href=\"http:\/\/www.annahazod.com\/\" target=\"_blank\" rel=\"noopener\">Anna Hazod<\/a>, Artdirektion &amp; Illustration<\/p><\/div>\n<div id=\"attachment_128\" class=\"wp-caption aligncenter ratio-wrap-center\" style=\"width:100px;\"><a href=\"https:\/\/www.digitalreport.at\/wp-content\/uploads\/2018\/07\/schlagintweit.png\"><div style=\"width: 100px;\" data-width=\"100\" class=\"ratio-wrap\"><div class=\"ratio-box\" style=\"padding-bottom: 101% !important;\"><img loading=\"lazy\" decoding=\"async\" class=\"wp-image-128 lazyload\" alt=\"\" width=\"100\" height=\"101\" data-src=\"https:\/\/www.digitalreport.at\/wp-content\/uploads\/2018\/07\/schlagintweit.png\" data-srcset=\"https:\/\/www.digitalreport.at\/report-facebook\/wp-content\/uploads\/sites\/4\/2018\/07\/schlagintweit.png 246w, https:\/\/www.digitalreport.at\/report-facebook\/wp-content\/uploads\/sites\/4\/2018\/07\/schlagintweit-150x150.png 150w, https:\/\/www.digitalreport.at\/report-facebook\/wp-content\/uploads\/sites\/4\/2018\/07\/schlagintweit-149x150.png 149w\" data-sizes=\"(max-width: 100px) 100vw, 100px\"><\/img><\/div><\/div><\/a><p class=\"wp-caption-text\"><a href=\"http:\/\/www.isaschlagintweit.com\/\" target=\"_blank\" rel=\"noopener\">Isabella Schlagintweit<\/a>, Artdirektion<\/p><\/div>\n<div id=\"attachment_124\" class=\"wp-caption aligncenter ratio-wrap-center\" style=\"width:100px;\"><div style=\"width: 100px;\" data-width=\"100\" class=\"ratio-wrap\"><div class=\"ratio-box\" style=\"padding-bottom: 100% !important;\"><img loading=\"lazy\" decoding=\"async\" class=\"wp-image-124 lazyload\" alt=\"\" width=\"100\" height=\"100\" data-src=\"https:\/\/www.digitalreport.at\/wp-content\/uploads\/2018\/07\/buchegger.png\" data-srcset=\"https:\/\/www.digitalreport.at\/report-facebook\/wp-content\/uploads\/sites\/4\/2018\/07\/buchegger.png 248w, https:\/\/www.digitalreport.at\/report-facebook\/wp-content\/uploads\/sites\/4\/2018\/07\/buchegger-150x150.png 150w, https:\/\/www.digitalreport.at\/report-facebook\/wp-content\/uploads\/sites\/4\/2018\/07\/buchegger-151x150.png 151w\" data-sizes=\"(max-width: 100px) 100vw, 100px\"><\/img><\/div><\/div><p class=\"wp-caption-text\"><a href=\"https:\/\/www.saferinternet.at\/ueber-saferinternetat\/unser-team\/\" target=\"_blank\" rel=\"noopener\">Barbara Buchegger<\/a>, Gastautorin<\/p><\/div>\n<div id=\"attachment_125\" class=\"wp-caption aligncenter ratio-wrap-center\" style=\"width:100px;\"><a href=\"https:\/\/www.digitalreport.at\/wp-content\/uploads\/2018\/07\/palzer-khomenko.png\"><div style=\"width: 100px;\" data-width=\"100\" class=\"ratio-wrap\"><div class=\"ratio-box\" style=\"padding-bottom: 100% !important;\"><img loading=\"lazy\" decoding=\"async\" class=\"wp-image-125 lazyload\" alt=\"\" width=\"100\" height=\"100\" data-src=\"https:\/\/www.digitalreport.at\/wp-content\/uploads\/2018\/07\/palzer-khomenko.png\" data-srcset=\"https:\/\/www.digitalreport.at\/report-facebook\/wp-content\/uploads\/sites\/4\/2018\/07\/palzer-khomenko.png 247w, https:\/\/www.digitalreport.at\/report-facebook\/wp-content\/uploads\/sites\/4\/2018\/07\/palzer-khomenko-150x150.png 150w\" data-sizes=\"(max-width: 100px) 100vw, 100px\"><\/img><\/div><\/div><\/a><p class=\"wp-caption-text\"><a href=\"http:\/\/mokant.at\/author\/skh\/\" target=\"_blank\" rel=\"noopener\">Sofia Palzer-Khomenko<\/a>, Gastbeitrag<\/p><\/div>\n<div id=\"attachment_126\" class=\"wp-caption aligncenter ratio-wrap-center\" style=\"width:100px;\"><a href=\"https:\/\/www.digitalreport.at\/wp-content\/uploads\/2018\/07\/winter.png\"><div style=\"width: 100px;\" data-width=\"100\" class=\"ratio-wrap\"><div class=\"ratio-box\" style=\"padding-bottom: 99% !important;\"><img loading=\"lazy\" decoding=\"async\" class=\"wp-image-126 lazyload\" alt=\"\" width=\"100\" height=\"99\" data-src=\"https:\/\/www.digitalreport.at\/wp-content\/uploads\/2018\/07\/winter.png\" data-srcset=\"https:\/\/www.digitalreport.at\/report-facebook\/wp-content\/uploads\/sites\/4\/2018\/07\/winter.png 249w, https:\/\/www.digitalreport.at\/report-facebook\/wp-content\/uploads\/sites\/4\/2018\/07\/winter-150x150.png 150w, https:\/\/www.digitalreport.at\/report-facebook\/wp-content\/uploads\/sites\/4\/2018\/07\/winter-151x150.png 151w\" data-sizes=\"(max-width: 100px) 100vw, 100px\"><\/img><\/div><\/div><\/a><p class=\"wp-caption-text\"><a href=\"https:\/\/www.profil.at\/autoren\/jakob-winter\" target=\"_blank\" rel=\"noopener\">Jakob Winter<\/a>, Material f\u00fcr Unterricht<\/p><\/div>\n<p>Kooperationspartner: Die Materialien f\u00fcr den Unterricht wurden in Kooperation mit <a href=\"http:\/\/Saferinternet.at\" target=\"_blank\" rel=\"noopener\">Saferinternet.at<\/a> erstellt. Kooperationspartner dieses Projekts ist <a href=\"https:\/\/neuwal.com\/\" target=\"_blank\" rel=\"noopener\">neuwal<\/a> \u2013 Verein zur F\u00f6rderung der politischen Bildung.<\/p>\n<p><strong>\u00dcber Digital Champions:<\/strong><br><\/br>\nIm Jahr 2011 hat die damals zust\u00e4ndige EU-Kommissarin Neelie Kroes die Idee der Digital Champions entwickelt: Sie sind Botschafter des digitalen Binnenmarkts, werden von den Mitgliedsstaaten ernannt und sollen dazu beitragen, dass Europa digitaler wird. Mehr Information zu den Digital Champions findet sich unter <a href=\"https:\/\/www.digitalchampion.at\" target=\"_blank\" rel=\"noopener\">digitalchampion.at<\/a>.<\/p>","protected":false},"excerpt":{"rendered":"<p>Zur Idee: Der Digitalreport ist ein Projekt, das das Wissen \u00fcber digitale Themen f\u00f6rdern soll. Gestartet hat es Ingrid Brodnig als Digital <span><a class=\"read-more\" href=\"https:\/\/www.digitalreport.at\/report-facebook\/ueber-das-projekt\/\">Read More<\/a><\/span><\/p>\n","protected":false},"author":2,"featured_media":0,"parent":0,"menu_order":0,"comment_status":"closed","ping_status":"closed","template":"","meta":{"footnotes":"","twitterCardType":"","cardImageID":0,"cardImage":"","cardTitle":"","cardDesc":"","cardImageAlt":"","cardPlayer":"","cardPlayerWidth":0,"cardPlayerHeight":0,"cardPlayerStream":"","cardPlayerCodec":""},"_links":{"self":[{"href":"https:\/\/www.digitalreport.at\/report-facebook\/wp-json\/wp\/v2\/pages\/49"}],"collection":[{"href":"https:\/\/www.digitalreport.at\/report-facebook\/wp-json\/wp\/v2\/pages"}],"about":[{"href":"https:\/\/www.digitalreport.at\/report-facebook\/wp-json\/wp\/v2\/types\/page"}],"author":[{"embeddable":true,"href":"https:\/\/www.digitalreport.at\/report-facebook\/wp-json\/wp\/v2\/users\/2"}],"replies":[{"embeddable":true,"href":"https:\/\/www.digitalreport.at\/report-facebook\/wp-json\/wp\/v2\/comments?post=49"}],"version-history":[{"count":0,"href":"https:\/\/www.digitalreport.at\/report-facebook\/wp-json\/wp\/v2\/pages\/49\/revisions"}],"wp:attachment":[{"href":"https:\/\/www.digitalreport.at\/report-facebook\/wp-json\/wp\/v2\/media?parent=49"}],"curies":[{"name":"wp","href":"https:\/\/api.w.org\/{rel}","templated":true}]}}