{"id":50,"date":"2018-07-13T16:35:50","date_gmt":"2018-07-13T14:35:50","guid":{"rendered":"https:\/\/www.digitalreport.at\/?page_id=50"},"modified":"2018-07-13T16:35:50","modified_gmt":"2018-07-13T14:35:50","slug":"unterrichtsmaterialien","status":"publish","type":"page","link":"https:\/\/www.digitalreport.at\/report-facebook\/unterrichtsmaterialien\/","title":{"rendered":"Unterrichtsmaterialien"},"content":{"rendered":"<p><strong><a href=\"https:\/\/www.digitalreport.at\/wp-content\/uploads\/2018\/07\/zeichnung-hazod-poster.png\"><div style=\"width: 129px;\" data-width=\"129\" class=\"ratio-wrap-left\"><div class=\"ratio-box\" style=\"padding-bottom: 194.57364341085% !important;\"><img loading=\"lazy\" decoding=\"async\" class=\"alignleft wp-image-257 lazyload\" alt=\"\" width=\"129\" height=\"251\" data-src=\"https:\/\/www.digitalreport.at\/wp-content\/uploads\/2018\/07\/zeichnung-hazod-poster.png\" data-srcset=\"https:\/\/www.digitalreport.at\/report-facebook\/wp-content\/uploads\/sites\/4\/2018\/07\/zeichnung-hazod-poster.png 353w, https:\/\/www.digitalreport.at\/report-facebook\/wp-content\/uploads\/sites\/4\/2018\/07\/zeichnung-hazod-poster-154x300.png 154w, https:\/\/www.digitalreport.at\/report-facebook\/wp-content\/uploads\/sites\/4\/2018\/07\/zeichnung-hazod-poster-77x150.png 77w\" data-sizes=\"(max-width: 129px) 100vw, 129px\"><\/img><\/div><\/div><\/a>F\u00fcr Lehrerinnen und Lehrer haben wir im Rahmen des Digitalreports auch Unterlagen erstellt, die diese gerne im Unterricht nutzen k\u00f6nnen. <\/strong><\/p>\n<p>Es wird empfohlen, diese Materialien mit Jugendlichen ab 12 zu besprechen \u2013 behandelt werden Themen wie Fake News, gef\u00e4lschte Bilder, Hasskommentare, Glaubw\u00fcrdigkeit von Online-Postings und Achtsamkeit gegen\u00fcber dem eigenen digitalen Image. Es gibt jeweils einen Einleitungstext und anschlie\u00dfend Quizze, die man mit Sch\u00fclerinnen und Sch\u00fclern gemeinsam durchnehmen kann.<\/p>\n<p>Sie k\u00f6nnen diese\u00a0<a href=\"https:\/\/www.digitalreport.at\/wp-content\/uploads\/2018\/07\/Unterrichtsmaterial-Digitalreport.pdf\">Unterrichtsmaterialien als PDF<\/a>\u00a0herunterladen und ausdrucken \u2013 die Verwendung f\u00fcr den Unterricht ist kostenfrei. (Wenn Sie Ihre Druckerpatrone sparen wollen, drucken Sie den Bericht erst ab Seite 2 aus)<\/p>\n<p>Die Texte und Quizze wurden von Jakob Winter in Kooperation mit Saferinternet.at erstellt. Sie k\u00f6nnen alle <a href=\"https:\/\/www.qzzr.com\/c\/quiz\/463428\/checkst-du-s\" target=\"_blank\" rel=\"noopener\">Quizze auch online<\/a>\u00a0ausf\u00fcllen.<\/p>\n<p>\u00a0<\/p>\n<p>Die einzelnen Kapitel (Erkl\u00e4rtexte und Quizze) finden Sie auch auf dieser Webseite:<\/p>\n<p>\u2013 Kapitel: <a href=\"https:\/\/www.digitalreport.at\/fake-oder-fakt\/\" target=\"_blank\" rel=\"noopener\">Fake oder Fakt?<\/a><\/p>\n<p>\u2013 Kapitel: <a href=\"https:\/\/www.digitalreport.at\/ein-bild-luegt-mehr-als-1000-worte\/\" target=\"_blank\" rel=\"noopener\">Ein Bild l\u00fcgt mehr als 1000 Worte<\/a><\/p>\n<p>\u2013 Kapitel: <a href=\"https:\/\/www.digitalreport.at\/hilfe-gegen-hass\/\" target=\"_blank\" rel=\"noopener\">Hilfe gegen Hass<\/a><\/p>\n<p>\u2013 Kapitel: <a href=\"https:\/\/www.digitalreport.at\/das-posting-barometer-truegt\/\" target=\"_blank\" rel=\"noopener\">Das Posting-Barometer tr\u00fcgt<\/a><\/p>\n<p>\u2013 Kapitel: <a href=\"https:\/\/www.digitalreport.at\/weisst-du-noch-was-du-letzten-sommer-gepostet-hast\/\" target=\"_blank\" rel=\"noopener\">Wei\u00dft du noch, was du letzten Sommer gepostet hast?<\/a><\/p>\n<p>\u00a0<\/p>\n<p><strong>Service f\u00fcr Schulen:<\/strong> An Schulen k\u00f6nnen wir auch den gedruckten Bericht kostenlos per Post senden (so lange erh\u00e4ltlich). Senden Sie uns bitte hierzu eine Anfrage an info@digitalreport.at<\/p>\n<p><em>Alle Illustrationen stammen von Anna Hazod, die Materialien d\u00fcrfen von P\u00e4dagoginnen und P\u00e4dagogen im Unterricht verwendet werden. Jede dar\u00fcber hinaus gehende weitere Verbreitung der Texte und Bilder ben\u00f6tigt unsere ausdr\u00fcckliche Genehmigung. Sie k\u00f6nnen uns f\u00fcr Anfragen zur Publikation unter info@digitalreport.at erreichen.<\/em><\/p>\n<p>\u00a0<\/p>\n<p>\u00a0<\/p>\n<p>\u00a0<\/p>","protected":false},"excerpt":{"rendered":"<p>F\u00fcr Lehrerinnen und Lehrer haben wir im Rahmen des Digitalreports auch Unterlagen erstellt, die diese gerne im Unterricht nutzen k\u00f6nnen. Es wird <span><a class=\"read-more\" href=\"https:\/\/www.digitalreport.at\/report-facebook\/unterrichtsmaterialien\/\">Read More<\/a><\/span><\/p>\n","protected":false},"author":2,"featured_media":0,"parent":0,"menu_order":0,"comment_status":"closed","ping_status":"closed","template":"","meta":{"footnotes":"","twitterCardType":"summary_large_image","cardImageID":0,"cardImage":"https:\/\/www.digitalreport.at\/wp-content\/uploads\/2018\/07\/zeichnung-hazod-poster.png","cardTitle":"","cardDesc":"","cardImageAlt":"","cardPlayer":"","cardPlayerWidth":0,"cardPlayerHeight":0,"cardPlayerStream":"","cardPlayerCodec":""},"_links":{"self":[{"href":"https:\/\/www.digitalreport.at\/report-facebook\/wp-json\/wp\/v2\/pages\/50"}],"collection":[{"href":"https:\/\/www.digitalreport.at\/report-facebook\/wp-json\/wp\/v2\/pages"}],"about":[{"href":"https:\/\/www.digitalreport.at\/report-facebook\/wp-json\/wp\/v2\/types\/page"}],"author":[{"embeddable":true,"href":"https:\/\/www.digitalreport.at\/report-facebook\/wp-json\/wp\/v2\/users\/2"}],"replies":[{"embeddable":true,"href":"https:\/\/www.digitalreport.at\/report-facebook\/wp-json\/wp\/v2\/comments?post=50"}],"version-history":[{"count":0,"href":"https:\/\/www.digitalreport.at\/report-facebook\/wp-json\/wp\/v2\/pages\/50\/revisions"}],"wp:attachment":[{"href":"https:\/\/www.digitalreport.at\/report-facebook\/wp-json\/wp\/v2\/media?parent=50"}],"curies":[{"name":"wp","href":"https:\/\/api.w.org\/{rel}","templated":true}]}}