{"id":74,"date":"2018-09-30T21:27:07","date_gmt":"2018-09-30T19:27:07","guid":{"rendered":"https:\/\/www.digitalreport.at\/report-youtube\/?page_id=74"},"modified":"2018-09-30T23:16:18","modified_gmt":"2018-09-30T21:16:18","slug":"infos-fuer-lehrer","status":"publish","type":"page","link":"https:\/\/www.digitalreport.at\/report-youtube\/infos-fuer-lehrer\/","title":{"rendered":"Infos f\u00fcr Lehrer"},"content":{"rendered":"<p><strong><a href=\"https:\/\/www.digitalreport.at\/report-youtube\/wp-content\/uploads\/sites\/5\/2018\/09\/lehrer-youtube-anna-hazod.png\"><div style=\"width: 215px;\" data-width=\"215\" class=\"ratio-wrap-left\"><div class=\"ratio-box\" style=\"padding-bottom: 163.25581395349% !important;\"><img loading=\"lazy\" decoding=\"async\" class=\"alignleft  wp-image-139 lazyload\" alt=\"\" width=\"215\" height=\"351\" data-src=\"https:\/\/www.digitalreport.at\/report-youtube\/wp-content\/uploads\/sites\/5\/2018\/09\/lehrer-youtube-anna-hazod.png\" data-srcset=\"https:\/\/www.digitalreport.at\/report-youtube\/wp-content\/uploads\/sites\/5\/2018\/09\/lehrer-youtube-anna-hazod.png 352w, https:\/\/www.digitalreport.at\/report-youtube\/wp-content\/uploads\/sites\/5\/2018\/09\/lehrer-youtube-anna-hazod-183x300.png 183w, https:\/\/www.digitalreport.at\/report-youtube\/wp-content\/uploads\/sites\/5\/2018\/09\/lehrer-youtube-anna-hazod-92x150.png 92w\" data-sizes=\"(max-width: 215px) 100vw, 215px\"><\/img><\/div><\/div><\/a>F\u00fcr Lehrerinnen und Lehrer haben wir im Rahmen des Digitalreports auch Unterlagen erstellt, die diese gerne im Unterricht nutzen k\u00f6nnen. <\/strong><\/p>\n<p>Es wird empfohlen, diese Materialien mit Jugendlichen ab 12 zu besprechen \u2013 behandelt werden Themen wie YouTube als Ger\u00fcchteschleuder, Vertrauen in Influencer, unauff\u00e4llige Werbung im Internet und YouTube als Informationsquelle. Es gibt jeweils einen Einleitungstext und anschlie\u00dfend Quizze, die man mit Sch\u00fclerinnen und Sch\u00fclern gemeinsam durchnehmen kann.<\/p>\n<p>Sie k\u00f6nnen den <a href=\"https:\/\/www.digitalreport.at\/digitalreport-youtube.pdf\" target=\"_blank\" rel=\"noopener\">Digitalreport als PDF<\/a> herunterladen und ausdrucken \u2013 die Verwendung f\u00fcr den Unterricht ist kostenfrei.<\/p>\n<p>Die Texte und Quizze wurden von Jakob Winter in Kooperation mit Saferinternet.at erstellt. Sie k\u00f6nnen alle <a href=\"https:\/\/www.qzzr.com\/c\/quiz\/463428\/checkst-du-s\" target=\"_blank\" rel=\"noopener\">Quizze auch online<\/a>\u00a0ausf\u00fcllen.<\/p>\n<p>\u00a0<\/p>\n<p>\u00a0<\/p>\n<p>\u00a0<\/p>\n<p><strong>Service f\u00fcr Schulen:<\/strong> An Schulen k\u00f6nnen wir auch den gedruckten Bericht kostenlos per Post senden (so lange erh\u00e4ltlich). Senden Sie uns bitte hierzu eine Anfrage an info@digitalreport.at<\/p>\n<p><em>Alle Illustrationen stammen von Anna Hazod, die Materialien d\u00fcrfen von P\u00e4dagoginnen und P\u00e4dagogen im Unterricht verwendet werden. Jede dar\u00fcber hinaus gehende weitere Verbreitung der Texte und Bilder ben\u00f6tigt unsere ausdr\u00fcckliche Genehmigung. Sie k\u00f6nnen uns f\u00fcr Anfragen zur Publikation unter info@digitalreport.at erreichen.<\/em><\/p>\n<p>\u00a0<\/p>\n<p>\u00a0<\/p>\n<p>\u00a0<\/p>","protected":false},"excerpt":{"rendered":"<p>F\u00fcr Lehrerinnen und Lehrer haben wir im Rahmen des Digitalreports auch Unterlagen erstellt, die diese gerne im Unterricht nutzen k\u00f6nnen. Es wird <span><a class=\"read-more\" href=\"https:\/\/www.digitalreport.at\/report-youtube\/infos-fuer-lehrer\/\">Read More<\/a><\/span><\/p>\n","protected":false},"author":1,"featured_media":0,"parent":0,"menu_order":0,"comment_status":"closed","ping_status":"closed","template":"","meta":{"footnotes":"","twitterCardType":"summary","cardImageID":0,"cardImage":"","cardTitle":"","cardDesc":"","cardImageAlt":"","cardPlayer":"","cardPlayerWidth":0,"cardPlayerHeight":0,"cardPlayerStream":"","cardPlayerCodec":""},"_links":{"self":[{"href":"https:\/\/www.digitalreport.at\/report-youtube\/wp-json\/wp\/v2\/pages\/74"}],"collection":[{"href":"https:\/\/www.digitalreport.at\/report-youtube\/wp-json\/wp\/v2\/pages"}],"about":[{"href":"https:\/\/www.digitalreport.at\/report-youtube\/wp-json\/wp\/v2\/types\/page"}],"author":[{"embeddable":true,"href":"https:\/\/www.digitalreport.at\/report-youtube\/wp-json\/wp\/v2\/users\/1"}],"replies":[{"embeddable":true,"href":"https:\/\/www.digitalreport.at\/report-youtube\/wp-json\/wp\/v2\/comments?post=74"}],"version-history":[{"count":3,"href":"https:\/\/www.digitalreport.at\/report-youtube\/wp-json\/wp\/v2\/pages\/74\/revisions"}],"predecessor-version":[{"id":141,"href":"https:\/\/www.digitalreport.at\/report-youtube\/wp-json\/wp\/v2\/pages\/74\/revisions\/141"}],"wp:attachment":[{"href":"https:\/\/www.digitalreport.at\/report-youtube\/wp-json\/wp\/v2\/media?parent=74"}],"curies":[{"name":"wp","href":"https:\/\/api.w.org\/{rel}","templated":true}]}}