{"id":63,"date":"2018-09-30T21:26:25","date_gmt":"2018-09-30T19:26:25","guid":{"rendered":"https:\/\/www.digitalreport.at\/wahl2019\/?page_id=63"},"modified":"2019-05-29T07:10:06","modified_gmt":"2019-05-29T05:10:06","slug":"methodik","status":"publish","type":"page","link":"https:\/\/www.digitalreport.at\/wahl2019\/methodik\/","title":{"rendered":"Methodik der Datensammlung"},"content":{"rendered":"<p><strong>Zur Erfassung der Facebook-Daten wurde folgendes Tool verwendet:<\/strong><\/p>\n<p><a href=\"http:\/\/thepoliticsofsystems.net\/permafiles\/rieder_websci.pdf\" target=\"_blank\" rel=\"noopener noreferrer\"><span style=\"font-weight: 400;\">netzvizz <\/span><\/a><\/p>\n<p><span style=\"font-weight: 400;\">B. Rieder (2013). Studying Facebook via data extraction: the Netvizz application. In WebSci &#8217;13 Proceedings of the 5th Annual ACM Web Science Conference (pp. 346-355). New York: ACM. <\/span><\/p>\n<p><span style=\"font-weight: 400;\">Alle Beitr\u00e4ge, die die Accounts der Parteichefinnen und Parteichefs zwischen 1.3.19 und 26.5.19 auf ihren Facebook-Seiten ver\u00f6ffentlicht und nicht wieder gel\u00f6scht haben. Interaktionszahlen des Stands am 26.5.19. Da Maria Stern (Jetzt) keine Facebook-Page hat, sondern nur ein Profil (diese k\u00f6nnen nicht erfasst werden), analysierten wir die Page des Parteigr\u00fcnders Peter Pilz.<\/span><\/p>","protected":false},"excerpt":{"rendered":"<p>Zur Erfassung der Facebook-Daten wurde folgendes Tool verwendet: netzvizz B. Rieder (2013). Studying Facebook via data extraction: the Netvizz application. In WebSci <span><a class=\"read-more\" href=\"https:\/\/www.digitalreport.at\/wahl2019\/methodik\/\">Read More<\/a><\/span><\/p>\n","protected":false},"author":1,"featured_media":0,"parent":0,"menu_order":0,"comment_status":"closed","ping_status":"closed","template":"","meta":{"footnotes":"","twitterCardType":"summary","cardImageID":0,"cardImage":"","cardTitle":"","cardDesc":"","cardImageAlt":"","cardPlayer":"","cardPlayerWidth":0,"cardPlayerHeight":0,"cardPlayerStream":"","cardPlayerCodec":""},"_links":{"self":[{"href":"https:\/\/www.digitalreport.at\/wahl2019\/wp-json\/wp\/v2\/pages\/63"}],"collection":[{"href":"https:\/\/www.digitalreport.at\/wahl2019\/wp-json\/wp\/v2\/pages"}],"about":[{"href":"https:\/\/www.digitalreport.at\/wahl2019\/wp-json\/wp\/v2\/types\/page"}],"author":[{"embeddable":true,"href":"https:\/\/www.digitalreport.at\/wahl2019\/wp-json\/wp\/v2\/users\/1"}],"replies":[{"embeddable":true,"href":"https:\/\/www.digitalreport.at\/wahl2019\/wp-json\/wp\/v2\/comments?post=63"}],"version-history":[{"count":5,"href":"https:\/\/www.digitalreport.at\/wahl2019\/wp-json\/wp\/v2\/pages\/63\/revisions"}],"predecessor-version":[{"id":182,"href":"https:\/\/www.digitalreport.at\/wahl2019\/wp-json\/wp\/v2\/pages\/63\/revisions\/182"}],"wp:attachment":[{"href":"https:\/\/www.digitalreport.at\/wahl2019\/wp-json\/wp\/v2\/media?parent=63"}],"curies":[{"name":"wp","href":"https:\/\/api.w.org\/{rel}","templated":true}]}}