{"id":65,"date":"2018-09-30T21:26:26","date_gmt":"2018-09-30T19:26:26","guid":{"rendered":"https:\/\/www.digitalreport.at\/wahl2019\/?page_id=65"},"modified":"2019-05-29T07:07:25","modified_gmt":"2019-05-29T05:07:25","slug":"fruehere-analysen","status":"publish","type":"page","link":"https:\/\/www.digitalreport.at\/wahl2019\/fruehere-analysen\/","title":{"rendered":"Fr\u00fchere Analysen"},"content":{"rendered":"<pre style=\"text-align: center;\"><\/pre>\n<p><strong>Zwei ausf\u00fchrliche Datenanalysen zur digitalen Kommunikation wurden im Digitalreport 1 und Digitalreport 2 ver\u00f6ffentlicht<\/strong><\/p>\n<p><a href=\"https:\/\/www.digitalreport.at\/wahl2019\/wp-content\/uploads\/sites\/8\/2019\/05\/digitalreports.png\" data-unsp-sanitized=\"clean\"><div style=\"width: 1180px;\" data-width=\"1180\" class=\"ratio-wrap-left\"><div class=\"ratio-box\" style=\"padding-bottom: 69.322033898305% !important;\"><img loading=\"lazy\" decoding=\"async\" class=\"alignleft size-full wp-image-170 lazyload\" alt=\"\" width=\"1180\" height=\"818\" data-src=\"https:\/\/www.digitalreport.at\/wahl2019\/wp-content\/uploads\/sites\/8\/2019\/05\/digitalreports.png\" data-srcset=\"https:\/\/www.digitalreport.at\/wahl2019\/wp-content\/uploads\/sites\/8\/2019\/05\/digitalreports.png 1180w, https:\/\/www.digitalreport.at\/wahl2019\/wp-content\/uploads\/sites\/8\/2019\/05\/digitalreports-300x208.png 300w, https:\/\/www.digitalreport.at\/wahl2019\/wp-content\/uploads\/sites\/8\/2019\/05\/digitalreports-768x532.png 768w, https:\/\/www.digitalreport.at\/wahl2019\/wp-content\/uploads\/sites\/8\/2019\/05\/digitalreports-1024x710.png 1024w, https:\/\/www.digitalreport.at\/wahl2019\/wp-content\/uploads\/sites\/8\/2019\/05\/digitalreports-600x416.png 600w, https:\/\/www.digitalreport.at\/wahl2019\/wp-content\/uploads\/sites\/8\/2019\/05\/digitalreports-870x603.png 870w, https:\/\/www.digitalreport.at\/wahl2019\/wp-content\/uploads\/sites\/8\/2019\/05\/digitalreports-670x464.png 670w\" data-sizes=\"(max-width: 1180px) 100vw, 1180px\"><\/img><\/div><\/div><\/a><\/p>\n<p>Hier gibt es den <a href=\"https:\/\/www.digitalreport.at\/report-facebook\/\" target=\"_blank\" rel=\"noopener noreferrer\" data-unsp-sanitized=\"clean\">Digitalreport 1<\/a>: politische Facebook-Kommunikation<\/p>\n<p>Hier gibt es den <a href=\"https:\/\/www.digitalreport.at\/report-youtube\/\" target=\"_blank\" rel=\"noopener noreferrer\">Digitalreport 2<\/a>: Analyse zu YouTube in \u00d6sterreich<\/p>\n<p>An dieser Stelle muss dankend erw\u00e4hnt werden, dass f\u00fcr die grafische Umsetzung der Digitalreports Anna Hazod und Isabella Schlagintweit zust\u00e4ndig sind \u2013 siehe Links.<\/p>","protected":false},"excerpt":{"rendered":"<p>Zwei ausf\u00fchrliche Datenanalysen zur digitalen Kommunikation wurden im Digitalreport 1 und Digitalreport 2 ver\u00f6ffentlicht Hier gibt es den Digitalreport 1: politische Facebook-Kommunikation <span><a class=\"read-more\" href=\"https:\/\/www.digitalreport.at\/wahl2019\/fruehere-analysen\/\">Read More<\/a><\/span><\/p>\n","protected":false},"author":1,"featured_media":0,"parent":0,"menu_order":0,"comment_status":"closed","ping_status":"closed","template":"","meta":{"footnotes":"","twitterCardType":"summary","cardImageID":0,"cardImage":"","cardTitle":"","cardDesc":"","cardImageAlt":"","cardPlayer":"","cardPlayerWidth":0,"cardPlayerHeight":0,"cardPlayerStream":"","cardPlayerCodec":""},"_links":{"self":[{"href":"https:\/\/www.digitalreport.at\/wahl2019\/wp-json\/wp\/v2\/pages\/65"}],"collection":[{"href":"https:\/\/www.digitalreport.at\/wahl2019\/wp-json\/wp\/v2\/pages"}],"about":[{"href":"https:\/\/www.digitalreport.at\/wahl2019\/wp-json\/wp\/v2\/types\/page"}],"author":[{"embeddable":true,"href":"https:\/\/www.digitalreport.at\/wahl2019\/wp-json\/wp\/v2\/users\/1"}],"replies":[{"embeddable":true,"href":"https:\/\/www.digitalreport.at\/wahl2019\/wp-json\/wp\/v2\/comments?post=65"}],"version-history":[{"count":4,"href":"https:\/\/www.digitalreport.at\/wahl2019\/wp-json\/wp\/v2\/pages\/65\/revisions"}],"predecessor-version":[{"id":171,"href":"https:\/\/www.digitalreport.at\/wahl2019\/wp-json\/wp\/v2\/pages\/65\/revisions\/171"}],"wp:attachment":[{"href":"https:\/\/www.digitalreport.at\/wahl2019\/wp-json\/wp\/v2\/media?parent=65"}],"curies":[{"name":"wp","href":"https:\/\/api.w.org\/{rel}","templated":true}]}}